{"id":21147,"date":"2016-03-11T14:56:00","date_gmt":"2016-03-11T13:56:00","guid":{"rendered":"http:\/\/berlinineinemzug.de\/wordpress\/?page_id=21147"},"modified":"2026-01-03T22:04:52","modified_gmt":"2026-01-03T21:04:52","slug":"show","status":"publish","type":"page","link":"https:\/\/berlinineinemzug.de\/wordpress\/show\/","title":{"rendered":"SHOW"},"content":{"rendered":"<div class=\"wpb-content-wrapper\"><p>[vc_row row_type=&#8221;row&#8221; use_row_as_full_screen_section=&#8221;no&#8221; type=&#8221;full_width&#8221; text_align=&#8221;left&#8221;][vc_column width=&#8221;2\/3&#8243;][vc_column_text]<\/p>\n<h3 style=\"text-align: left;\">BERLIN IN EINEM ZUG<\/h3>\n<p style=\"text-align: left;\"><strong>* die abgefahrenste Show der Hauptstadt *<\/strong><\/p>\n<p>[\/vc_column_text][vc_empty_space][vc_column_text]<\/p>\n<p class=\"p1\">Gebt Euch die Bahnsteigkante \u2013 mit Berlins abgefahrenster Late-Night-Show!<\/p>\n<p>[\/vc_column_text][vc_empty_space height=&#8221;12px&#8221;][vc_column_text]<\/p>\n<div class=\"\"><\/div>\n<div class=\"\"><\/div>\n<div class=\"\">\u00a0<a class=\"\" href=\"http:\/\/www.larsredlich.de\/#info\/aktuell\/\" target=\"_blank\" rel=\"noopener noreferrer\">Lars Redlich<\/a> pr\u00e4sentiert mehrmals im Jahr die berlinerischste Show der Stadt: abgedreht, lustig, laut, hochkulturell und vielseitig! Daf\u00fcr l\u00e4d sich der Vollblut-Entertainer hochkar\u00e4tige G\u00e4ste in Ihren Ubahn-Zug ein: Stars der Szene und die hei\u00dfesten Newcomern aus Show, Comedy und Variet\u00e9 machen jeden Abend so zu einem einmaligen Erlebnis! Einsteigen bitte!<\/div>\n<p>[\/vc_column_text][vc_empty_space height=&#8221;12px&#8221;][vc_column_text]<\/p>\n<p class=\"p1\">\u201eBerlin in einem Zug&#8221; findet immer um <strong>20:00 Uhr<\/strong> im <a href=\"http:\/\/www.kunstfabrik-schlot.de\">Jazzclub Kunstfabrik Schlot<\/a>\u00a0(<a href=\"https:\/\/www.google.com\/maps\/place\/Jazzclub-Kunstfabrik+Schlot\/@52.5302249,13.382715,17z\/data=!3m1!4b1!4m6!3m5!1s0x47a851ec89120381:0x5da64cfc8439d981!8m2!3d52.5302249!4d13.3852899!16s%2Fg%2F121fwj01?entry=ttu&amp;g_ep=EgoyMDI0MTAxNC4wIKXMDSoASAFQAw%3D%3D\">Invalidenstrasse 117<\/a>,\u00a0Berlin-Mitte) statt.<\/p>\n<p>[\/vc_column_text][vc_empty_space height=&#8221;12px&#8221;][vc_column_text]<\/p>\n<div class=\"\">Der Eintrittspreis ist mindestens 15 Euro. Kartenreservierung: <a href=\"https:\/\/kunstfabrik-schlot.de\/programm\/\">Jazzclub Kunstfabrik Schlot<\/a><\/div>\n<div><\/div>\n<p>[\/vc_column_text][vc_empty_space height=&#8221;12px&#8221;][vc_column_text]<\/p>\n<p class=\"p1\"><img loading=\"lazy\" decoding=\"async\" class=\"alignleft wp-image-21239\" src=\"http:\/\/berlinineinemzug.de\/wordpress\/wp-content\/uploads\/2016\/03\/ticket.png\" alt=\"ticket\" width=\"50\" height=\"40\" srcset=\"https:\/\/berlinineinemzug.de\/wordpress\/wp-content\/uploads\/2016\/03\/ticket.png 125w, https:\/\/berlinineinemzug.de\/wordpress\/wp-content\/uploads\/2016\/03\/ticket-24x19.png 24w, https:\/\/berlinineinemzug.de\/wordpress\/wp-content\/uploads\/2016\/03\/ticket-36x29.png 36w, https:\/\/berlinineinemzug.de\/wordpress\/wp-content\/uploads\/2016\/03\/ticket-48x38.png 48w\" sizes=\"auto, (max-width: 50px) 100vw, 50px\" \/>Fahrtipp:<br \/>\n<span class=\"s1\">S Nordbahnhof (S1\/S2\/S 25),\u00a0<\/span><span class=\"s1\">S Naturkundemuseum (U6, M5, M6, M8, M10, M12 und Bus 246)<\/span><\/p>\n<p>[\/vc_column_text][vc_empty_space][\/vc_column][vc_column width=&#8221;1\/3&#8243;][vc_single_image image=&#8221;22270&#8243; img_size=&#8221;medium&#8221; alignment=&#8221;center&#8221; onclick=&#8221;link_image&#8221; qode_css_animation=&#8221;&#8221;][vc_empty_space][vc_single_image image=&#8221;21435&#8243; img_size=&#8221;125&#8243; alignment=&#8221;center&#8221; onclick=&#8221;custom_link&#8221; img_link_target=&#8221;_blank&#8221; qode_css_animation=&#8221;&#8221; link=&#8221;https:\/\/www.youtube.com\/watch?v=bqVQgd_gWiQ&#8221;][vc_column_text]<\/p>\n<p class=\"p1\" style=\"text-align: center;\"><a href=\"https:\/\/www.youtube.com\/watch?v=bqVQgd_gWiQ\"><span class=\"s1\"><strong>Trailer sehen<\/strong><\/span><\/a><\/p>\n<p>[\/vc_column_text][vc_empty_space height=&#8221;42px&#8221;][vc_single_image image=&#8221;21240&#8243; img_size=&#8221;full&#8221; alignment=&#8221;center&#8221; qode_css_animation=&#8221;&#8221;][vc_empty_space][vc_column_text css=&#8221;&#8221;]<\/p>\n<p class=\"p1\" style=\"text-align: center;\"><span class=\"s2\"><strong>Die Show-Termine f\u00fcr 2026 sind:<\/strong><\/span><\/p>\n<p>[\/vc_column_text][vc_empty_space height=&#8221;22px&#8221;][vc_column_text css=&#8221;&#8221;]<\/p>\n<p class=\"p1\" style=\"text-align: center;\"><span class=\"s1\">25. Februar 2026<\/span><\/p>\n<p class=\"p1\" style=\"text-align: center;\">03. Juni 2026<\/p>\n<p class=\"p1\" style=\"text-align: center;\"><span class=\"s1\">23. September 2026<\/span><\/p>\n<p class=\"p1\" style=\"text-align: center;\">25. November 2026<\/p>\n<p class=\"p1\" style=\"text-align: center;\">Alle Termine ohne Gew\u00e4hr<\/p>\n<p class=\"p1\" style=\"text-align: center;\"><span class=\"s1\">\u00a0<\/span><\/p>\n<p>[\/vc_column_text][vc_empty_space][\/vc_column][\/vc_row][vc_row row_type=&#8221;row&#8221; use_row_as_full_screen_section=&#8221;no&#8221; type=&#8221;full_width&#8221; text_align=&#8221;left&#8221;][vc_column width=&#8221;1\/4&#8243;][vc_column_text]\u00a0[\/vc_column_text][\/vc_column][vc_column width=&#8221;1\/4&#8243;][\/vc_column][vc_column width=&#8221;1\/4&#8243;][\/vc_column][vc_column width=&#8221;1\/4&#8243;][vc_column_text]\u00a0[\/vc_column_text][\/vc_column][\/vc_row][vc_row row_type=&#8221;row&#8221; use_row_as_full_screen_section=&#8221;no&#8221; type=&#8221;full_width&#8221; text_align=&#8221;left&#8221;][vc_column][vc_empty_space height=&#8221;60px&#8221;][\/vc_column][\/vc_row]<\/p>\n<\/div>","protected":false},"excerpt":{"rendered":"<p>[vc_row row_type=&#8221;row&#8221; use_row_as_full_screen_section=&#8221;no&#8221; type=&#8221;full_width&#8221; text_align=&#8221;left&#8221;][vc_column width=&#8221;2\/3&#8243;][vc_column_text] BERLIN IN EINEM ZUG * die abgefahrenste Show der Hauptstadt * [\/vc_column_text][vc_empty_space][vc_column_text] Gebt Euch die Bahnsteigkante \u2013 mit Berlins abgefahrenster Late-Night-Show! [\/vc_column_text][vc_empty_space height=&#8221;12px&#8221;][vc_column_text] \u00a0Lars Redlich pr\u00e4sentiert mehrmals im Jahr die berlinerischste Show der Stadt: abgedreht, lustig, laut, hochkulturell und&#8230;<\/p>\n","protected":false},"author":1,"featured_media":0,"parent":0,"menu_order":0,"comment_status":"closed","ping_status":"closed","template":"","meta":{"footnotes":""},"class_list":["post-21147","page","type-page","status-publish","hentry"],"yoast_head":"<!-- This site is optimized with the Yoast SEO plugin v26.9 - https:\/\/yoast.com\/product\/yoast-seo-wordpress\/ -->\n<title>SHOW - My CMS<\/title>\n<meta name=\"description\" content=\"Gastgeber Lars Redlich pr\u00e4sentiert in der Kunstfabrik Schlot die Stars der Berliner Szene und die hei\u00dfesten Newcomer aus Show, Comedy und Variet\u00e9!\" \/>\n<meta name=\"robots\" content=\"index, follow, max-snippet:-1, max-image-preview:large, max-video-preview:-1\" \/>\n<link rel=\"canonical\" href=\"https:\/\/berlinineinemzug.de\/wordpress\/show\/\" \/>\n<meta property=\"og:locale\" content=\"en_US\" \/>\n<meta property=\"og:type\" content=\"article\" \/>\n<meta property=\"og:title\" content=\"SHOW - My CMS\" \/>\n<meta property=\"og:description\" content=\"Gastgeber Lars Redlich pr\u00e4sentiert in der Kunstfabrik Schlot die Stars der Berliner Szene und die hei\u00dfesten Newcomer aus Show, Comedy und Variet\u00e9!\" \/>\n<meta property=\"og:url\" content=\"https:\/\/berlinineinemzug.de\/wordpress\/show\/\" \/>\n<meta property=\"og:site_name\" content=\"My CMS\" \/>\n<meta property=\"article:modified_time\" content=\"2026-01-03T21:04:52+00:00\" \/>\n<meta property=\"og:image\" content=\"https:\/\/berlinineinemzug.de\/wordpress\/wp-content\/uploads\/2016\/03\/ticket.png\" \/>\n\t<meta property=\"og:image:width\" content=\"125\" \/>\n\t<meta property=\"og:image:height\" content=\"100\" \/>\n\t<meta property=\"og:image:type\" content=\"image\/png\" \/>\n<meta name=\"twitter:card\" content=\"summary_large_image\" \/>\n<meta name=\"twitter:label1\" content=\"Est. reading time\" \/>\n\t<meta name=\"twitter:data1\" content=\"2 minutes\" \/>\n<script type=\"application\/ld+json\" class=\"yoast-schema-graph\">{\"@context\":\"https:\/\/schema.org\",\"@graph\":[{\"@type\":\"WebPage\",\"@id\":\"https:\/\/berlinineinemzug.de\/wordpress\/show\/\",\"url\":\"https:\/\/berlinineinemzug.de\/wordpress\/show\/\",\"name\":\"SHOW - My CMS\",\"isPartOf\":{\"@id\":\"https:\/\/berlinineinemzug.de\/wordpress\/#website\"},\"primaryImageOfPage\":{\"@id\":\"https:\/\/berlinineinemzug.de\/wordpress\/show\/#primaryimage\"},\"image\":{\"@id\":\"https:\/\/berlinineinemzug.de\/wordpress\/show\/#primaryimage\"},\"thumbnailUrl\":\"http:\/\/berlinineinemzug.de\/wordpress\/wp-content\/uploads\/2016\/03\/ticket.png\",\"datePublished\":\"2016-03-11T13:56:00+00:00\",\"dateModified\":\"2026-01-03T21:04:52+00:00\",\"description\":\"Gastgeber Lars Redlich pr\u00e4sentiert in der Kunstfabrik Schlot die Stars der Berliner Szene und die hei\u00dfesten Newcomer aus Show, Comedy und Variet\u00e9!\",\"breadcrumb\":{\"@id\":\"https:\/\/berlinineinemzug.de\/wordpress\/show\/#breadcrumb\"},\"inLanguage\":\"en-US\",\"potentialAction\":[{\"@type\":\"ReadAction\",\"target\":[\"https:\/\/berlinineinemzug.de\/wordpress\/show\/\"]}]},{\"@type\":\"ImageObject\",\"inLanguage\":\"en-US\",\"@id\":\"https:\/\/berlinineinemzug.de\/wordpress\/show\/#primaryimage\",\"url\":\"https:\/\/berlinineinemzug.de\/wordpress\/wp-content\/uploads\/2016\/03\/ticket.png\",\"contentUrl\":\"https:\/\/berlinineinemzug.de\/wordpress\/wp-content\/uploads\/2016\/03\/ticket.png\",\"width\":125,\"height\":100},{\"@type\":\"BreadcrumbList\",\"@id\":\"https:\/\/berlinineinemzug.de\/wordpress\/show\/#breadcrumb\",\"itemListElement\":[{\"@type\":\"ListItem\",\"position\":1,\"name\":\"Home\",\"item\":\"https:\/\/berlinineinemzug.de\/wordpress\/\"},{\"@type\":\"ListItem\",\"position\":2,\"name\":\"SHOW\"}]},{\"@type\":\"WebSite\",\"@id\":\"https:\/\/berlinineinemzug.de\/wordpress\/#website\",\"url\":\"https:\/\/berlinineinemzug.de\/wordpress\/\",\"name\":\"My CMS\",\"description\":\"Die abgefahrenste Show der Hauptstadt\",\"potentialAction\":[{\"@type\":\"SearchAction\",\"target\":{\"@type\":\"EntryPoint\",\"urlTemplate\":\"https:\/\/berlinineinemzug.de\/wordpress\/?s={search_term_string}\"},\"query-input\":{\"@type\":\"PropertyValueSpecification\",\"valueRequired\":true,\"valueName\":\"search_term_string\"}}],\"inLanguage\":\"en-US\"}]}<\/script>\n<!-- \/ Yoast SEO plugin. -->","yoast_head_json":{"title":"SHOW - My CMS","description":"Gastgeber Lars Redlich pr\u00e4sentiert in der Kunstfabrik Schlot die Stars der Berliner Szene und die hei\u00dfesten Newcomer aus Show, Comedy und Variet\u00e9!","robots":{"index":"index","follow":"follow","max-snippet":"max-snippet:-1","max-image-preview":"max-image-preview:large","max-video-preview":"max-video-preview:-1"},"canonical":"https:\/\/berlinineinemzug.de\/wordpress\/show\/","og_locale":"en_US","og_type":"article","og_title":"SHOW - My CMS","og_description":"Gastgeber Lars Redlich pr\u00e4sentiert in der Kunstfabrik Schlot die Stars der Berliner Szene und die hei\u00dfesten Newcomer aus Show, Comedy und Variet\u00e9!","og_url":"https:\/\/berlinineinemzug.de\/wordpress\/show\/","og_site_name":"My CMS","article_modified_time":"2026-01-03T21:04:52+00:00","og_image":[{"width":125,"height":100,"url":"https:\/\/berlinineinemzug.de\/wordpress\/wp-content\/uploads\/2016\/03\/ticket.png","type":"image\/png"}],"twitter_card":"summary_large_image","twitter_misc":{"Est. reading time":"2 minutes"},"schema":{"@context":"https:\/\/schema.org","@graph":[{"@type":"WebPage","@id":"https:\/\/berlinineinemzug.de\/wordpress\/show\/","url":"https:\/\/berlinineinemzug.de\/wordpress\/show\/","name":"SHOW - My CMS","isPartOf":{"@id":"https:\/\/berlinineinemzug.de\/wordpress\/#website"},"primaryImageOfPage":{"@id":"https:\/\/berlinineinemzug.de\/wordpress\/show\/#primaryimage"},"image":{"@id":"https:\/\/berlinineinemzug.de\/wordpress\/show\/#primaryimage"},"thumbnailUrl":"http:\/\/berlinineinemzug.de\/wordpress\/wp-content\/uploads\/2016\/03\/ticket.png","datePublished":"2016-03-11T13:56:00+00:00","dateModified":"2026-01-03T21:04:52+00:00","description":"Gastgeber Lars Redlich pr\u00e4sentiert in der Kunstfabrik Schlot die Stars der Berliner Szene und die hei\u00dfesten Newcomer aus Show, Comedy und Variet\u00e9!","breadcrumb":{"@id":"https:\/\/berlinineinemzug.de\/wordpress\/show\/#breadcrumb"},"inLanguage":"en-US","potentialAction":[{"@type":"ReadAction","target":["https:\/\/berlinineinemzug.de\/wordpress\/show\/"]}]},{"@type":"ImageObject","inLanguage":"en-US","@id":"https:\/\/berlinineinemzug.de\/wordpress\/show\/#primaryimage","url":"https:\/\/berlinineinemzug.de\/wordpress\/wp-content\/uploads\/2016\/03\/ticket.png","contentUrl":"https:\/\/berlinineinemzug.de\/wordpress\/wp-content\/uploads\/2016\/03\/ticket.png","width":125,"height":100},{"@type":"BreadcrumbList","@id":"https:\/\/berlinineinemzug.de\/wordpress\/show\/#breadcrumb","itemListElement":[{"@type":"ListItem","position":1,"name":"Home","item":"https:\/\/berlinineinemzug.de\/wordpress\/"},{"@type":"ListItem","position":2,"name":"SHOW"}]},{"@type":"WebSite","@id":"https:\/\/berlinineinemzug.de\/wordpress\/#website","url":"https:\/\/berlinineinemzug.de\/wordpress\/","name":"My CMS","description":"Die abgefahrenste Show der Hauptstadt","potentialAction":[{"@type":"SearchAction","target":{"@type":"EntryPoint","urlTemplate":"https:\/\/berlinineinemzug.de\/wordpress\/?s={search_term_string}"},"query-input":{"@type":"PropertyValueSpecification","valueRequired":true,"valueName":"search_term_string"}}],"inLanguage":"en-US"}]}},"_links":{"self":[{"href":"https:\/\/berlinineinemzug.de\/wordpress\/wp-json\/wp\/v2\/pages\/21147","targetHints":{"allow":["GET"]}}],"collection":[{"href":"https:\/\/berlinineinemzug.de\/wordpress\/wp-json\/wp\/v2\/pages"}],"about":[{"href":"https:\/\/berlinineinemzug.de\/wordpress\/wp-json\/wp\/v2\/types\/page"}],"author":[{"embeddable":true,"href":"https:\/\/berlinineinemzug.de\/wordpress\/wp-json\/wp\/v2\/users\/1"}],"replies":[{"embeddable":true,"href":"https:\/\/berlinineinemzug.de\/wordpress\/wp-json\/wp\/v2\/comments?post=21147"}],"version-history":[{"count":104,"href":"https:\/\/berlinineinemzug.de\/wordpress\/wp-json\/wp\/v2\/pages\/21147\/revisions"}],"predecessor-version":[{"id":22439,"href":"https:\/\/berlinineinemzug.de\/wordpress\/wp-json\/wp\/v2\/pages\/21147\/revisions\/22439"}],"wp:attachment":[{"href":"https:\/\/berlinineinemzug.de\/wordpress\/wp-json\/wp\/v2\/media?parent=21147"}],"curies":[{"name":"wp","href":"https:\/\/api.w.org\/{rel}","templated":true}]}}